{"id":11351,"date":"2025-06-10T22:52:47","date_gmt":"2025-06-10T22:52:47","guid":{"rendered":"https:\/\/prinzensweets.de\/product\/kol-and-schkor\/"},"modified":"2026-02-08T23:29:25","modified_gmt":"2026-02-08T23:29:25","slug":"kol-and-schkor","status":"publish","type":"product","link":"https:\/\/prinzensweets.de\/en\/product\/kol-and-schkor\/","title":{"rendered":"Kol and Schkor"},"content":{"rendered":"<p>Kol &amp; Schkor ist ein traditionelles orientalisches Bl\u00e4tterteiggeb\u00e4ck, gef\u00fcllt mit grob gehackten Pistazien und leicht ges\u00fc\u00dft. Der knusprige Teig in Kombination mit der nussigen F\u00fcllung sorgt f\u00fcr ein edles Geschmackserlebnis \u2013 ideal zu Kaffee oder als feines Geschenk.<br \/>\nZutaten: Pistazien, Weizenmehl, Ghee (gekl\u00e4rte Butter), Zucker, Wasser.<br \/>\nLagerung: Nicht gentechnisch ver\u00e4ndertes Produkt. K\u00fchl und trocken bei 15\u201320 \u00b0C lagern.  <\/p>\n","protected":false},"excerpt":{"rendered":"<p>Kol and shkor is a classic oriental sweet with delicate dough, lovingly baked \u2013 ideal for special occasions or as a gift.<\/p>\n","protected":false},"featured_media":11350,"comment_status":"open","ping_status":"closed","template":"","meta":[],"product_brand":[],"product_cat":[309],"product_tag":[310,311,314,315,316],"class_list":{"0":"post-11351","1":"product","2":"type-product","3":"status-publish","4":"has-post-thumbnail","6":"product_cat-arabic-sweets","7":"product_tag-pistachio","8":"product_tag-kunafa","9":"product_tag-middle-eastern-sweets","10":"product_tag-middle-eastern-dessert","11":"product_tag-baklava","13":"first","14":"instock","15":"shipping-taxable","16":"purchasable","17":"product-type-variable"},"jetpack_sharing_enabled":true,"_links":{"self":[{"href":"https:\/\/prinzensweets.de\/en\/wp-json\/wp\/v2\/product\/11351","targetHints":{"allow":["GET"]}}],"collection":[{"href":"https:\/\/prinzensweets.de\/en\/wp-json\/wp\/v2\/product"}],"about":[{"href":"https:\/\/prinzensweets.de\/en\/wp-json\/wp\/v2\/types\/product"}],"replies":[{"embeddable":true,"href":"https:\/\/prinzensweets.de\/en\/wp-json\/wp\/v2\/comments?post=11351"}],"version-history":[{"count":1,"href":"https:\/\/prinzensweets.de\/en\/wp-json\/wp\/v2\/product\/11351\/revisions"}],"predecessor-version":[{"id":12361,"href":"https:\/\/prinzensweets.de\/en\/wp-json\/wp\/v2\/product\/11351\/revisions\/12361"}],"wp:featuredmedia":[{"embeddable":true,"href":"https:\/\/prinzensweets.de\/en\/wp-json\/wp\/v2\/media\/11350"}],"wp:attachment":[{"href":"https:\/\/prinzensweets.de\/en\/wp-json\/wp\/v2\/media?parent=11351"}],"wp:term":[{"taxonomy":"product_brand","embeddable":true,"href":"https:\/\/prinzensweets.de\/en\/wp-json\/wp\/v2\/product_brand?post=11351"},{"taxonomy":"product_cat","embeddable":true,"href":"https:\/\/prinzensweets.de\/en\/wp-json\/wp\/v2\/product_cat?post=11351"},{"taxonomy":"product_tag","embeddable":true,"href":"https:\/\/prinzensweets.de\/en\/wp-json\/wp\/v2\/product_tag?post=11351"}],"curies":[{"name":"wp","href":"https:\/\/api.w.org\/{rel}","templated":true}]}}