{"id":12236,"date":"2025-11-12T10:58:34","date_gmt":"2025-11-12T10:58:34","guid":{"rendered":"https:\/\/prinzensweets.de\/impressum\/"},"modified":"2025-11-12T10:58:34","modified_gmt":"2025-11-12T10:58:34","slug":"impressum","status":"publish","type":"page","link":"https:\/\/prinzensweets.de\/ar\/impressum\/","title":{"rendered":"Impressum"},"content":{"rendered":"\t\t<div data-elementor-type=\"wp-page\" data-elementor-id=\"12236\" class=\"elementor elementor-12236 elementor-10242\" data-elementor-post-type=\"page\">\n\t\t\t\t<div class=\"wd-negative-gap elementor-element elementor-element-6185545 e-flex e-con-boxed e-con e-parent\" data-id=\"6185545\" data-element_type=\"container\" data-e-type=\"container\">\n\t\t\t\t\t<div class=\"e-con-inner\">\n\t\t\t\t<div class=\"elementor-element elementor-element-bb8d9d8 elementor-widget elementor-widget-html\" data-id=\"bb8d9d8\" data-element_type=\"widget\" data-e-type=\"widget\" data-widget_type=\"html.default\">\n\t\t\t\t\t\r\n<h1>Impressum<\/h1>\r\nAnas Shehadeh<p>Die Prinzen<br \/>   \r\nBreite Str. 11<br \/>   \r\n66115   \r\nSaarbr\u00fccken <br \/>   \r\nE-Mail info@prinzensweets.de<br \/>   \r\nTel +49 176 89501155<br \/>   \r\nFax <br \/><\/p><p>Gewerberegister Saarbr\u00fccken<\/p><p>Ust-IdNr: DE313116953    <br \/>Steuernummer: 04027406764<\/p><strong>\r\nHaftung f\u00fcr Inhalte<\/strong><p>\r\nDie Inhalte unserer Seiten wurden mit gr\u00f6\u00dfter Sorgfalt erstellt. F\u00fcr die Richtigkeit, \r\nVollst\u00e4ndigkeit und Aktualit\u00e4t der Inhalte k\u00f6nnen wir jedoch keine Gew\u00e4hr \u00fcbernehmen. \r\nAls Diensteanbieter sind wir gem\u00e4\u00df \u00a7 7 Abs.1 TMG f\u00fcr eigene Inhalte auf diesen Seiten \r\nnach den allgemeinen Gesetzen verantwortlich. Nach \u00a7\u00a7 8 bis 10 TMG sind wir als Diensteanbieter \r\njedoch nicht verpflichtet, \u00fcbermittelte oder gespeicherte fremde Informationen zu \u00fcberwachen \r\noder nach Umst\u00e4nden zu forschen, die auf eine rechtswidrige T\u00e4tigkeit hinweisen. \r\nVerpflichtungen zur Entfernung oder Sperrung der Nutzung von Informationen nach den allgemeinen \r\nGesetzen bleiben hiervon unber\u00fchrt. Eine diesbez\u00fcgliche Haftung ist jedoch erst ab dem Zeitpunkt \r\nder Kenntnis einer konkreten Rechtsverletzung m\u00f6glich. Bei Bekanntwerden von entsprechenden \r\nRechtsverletzungen werden wir diese Inhalte umgehend entfernen.<\/p><strong>\r\nDatenschutz<\/strong><p>\r\nDie Nutzung unserer Webseite ist in der Regel ohne eine Angabe personenbezogener Daten m\u00f6glich. Soweit auf unseren Seiten personenbezogene Daten (beispielsweise Name, Anschrift oder E-Mail-Adresse) erhoben werden, erfolgt dies \u2013 soweit es m\u00f6glich ist\u2013 immer auf freiwilliger Basis. Wir geben Ihre Daten ohne Ihre ausdr\u00fcckliche Zustimmung nicht an Dritte weiter. Au\u00dferdem weisen wir Sie darauf hin, dass die Daten\u00fcbertragung im Internet (wie beispielsweise bei der Kommunikation \u00fcber E-Mail) Sicherheitsl\u00fccken aufweisen kann. Denn ein l\u00fcckenloser Schutz der Daten vor dem Zugriff durch Dritte ist nicht m\u00f6glich. Wir widersprechen hiermit ausdr\u00fccklich der Nutzung von im Rahmen der Impressumspflicht ver\u00f6ffentlichten Kontaktdaten durch Dritte zur \u00dcbersendung von nicht ausdr\u00fccklich angeforderter Werbung und Informationsmaterialien. Die Betreiber dieser Seiten behalten sich ausdr\u00fccklich vor, im Fall der unverlangten Zusendung von Werbeinformationen, etwa durch Spam-Mails, rechtliche Schritte einzuleiten.<\/p><strong>\r\nGoogle AdSense<\/strong><p>\r\nDiese Website benutzt Google Adsense, einen Webanzeigendienst der Google Inc., USA (\"Google\"). \r\nGoogle Adsense verwendet sog. \"Cookies\" (Textdateien), die auf Ihrem Computer gespeichert werden \r\nund die eine Analyse der Benutzung der Website durch Sie erm\u00f6glicht. \r\nGoogle Adsense verwendet auch sog. \"Web Beacons\" (kleine unsichtbare Grafiken) zur Sammlung von Informationen. \r\nDurch die Verwendung des Web Beacons k\u00f6nnen einfache Aktionen wie der Besucherverkehr auf der Webseite a\r\nufgezeichnet und gesammelt werden. Die durch den Cookie und\/oder Web Beacon erzeugten Informationen \u00fcber \r\nIhre Benutzung diese Website (einschlie\u00dflich Ihrer IP-Adresse) werden an einen Server von Google in den USA \r\n\u00fcbertragen und dort gespeichert. Google wird diese Informationen benutzen, um Ihre Nutzung der Website im \r\nHinblick auf die Anzeigen auszuwerten, um Reports \u00fcber die Websiteaktivit\u00e4ten und Anzeigen f\u00fcr die Websitebetreiber \r\nzusammenzustellen und um weitere mit der Websitenutzung und der Internetnutzung verbundene Dienstleistungen zu erbringen. \r\nAuch wird Google diese Informationen gegebenenfalls an Dritte \u00fcbertragen, sofern dies gesetzlich vorgeschrieben \r\noder soweit Dritte diese Daten im Auftrag von Google verarbeiten. Google wird in keinem Fall Ihre IP-Adresse mit \r\nanderen Daten der Google in Verbindung bringen. Das Speichern von Cookies auf Ihrer Festplatte und die Anzeige \r\nvon Web Beacons k\u00f6nnen Sie verhindern, indem Sie in Ihren Browser-Einstellungen \"keine Cookies akzeptieren\" \r\nw\u00e4hlen (Im MS Internet-Explorer unter \"Extras > Internetoptionen > Datenschutz > Einstellung\"; \r\nim Firefox unter \"Extras > Einstellungen > Datenschutz > Cookies\"); wir weisen Sie jedoch darauf hin, \r\ndass Sie in diesem Fall gegebenenfalls nicht s\u00e4mtliche Funktionen dieser Website voll umf\u00e4nglich nutzen k\u00f6nnen. \r\nDurch die Nutzung dieser Website erkl\u00e4ren Sie sich mit der Bearbeitung der \u00fcber Sie erhobenen Daten durch Google \r\nin der zuvor beschriebenen Art und Weise und zu dem zuvor benannten Zweck einverstanden.<\/p><strong>\r\nGoogle Analytics<\/strong><p>\r\nDiese Website benutzt Google Analytics, einen Webanalysedienst der Google Inc. (''Google''). \r\nGoogle Analytics verwendet sog. ''Cookies'', Textdateien, die auf Ihrem Computer gespeichert werden \r\nund die eine Analyse der Benutzung der Website durch Sie erm\u00f6glicht. Die durch den Cookie erzeugten \r\nInformationen \u00fcber Ihre Benutzung diese Website (einschlie\u00dflich Ihrer IP-Adresse) wird an einen Server \r\nvon Google in den USA \u00fcbertragen und dort gespeichert. Google wird diese Informationen benutzen, \r\num Ihre Nutzung der Website auszuwerten, um Reports \u00fcber die Websiteaktivit\u00e4ten f\u00fcr die Websitebetreiber \r\nzusammenzustellen und um weitere mit der Websitenutzung und der Internetnutzung verbundene \r\nDienstleistungen zu erbringen. Auch wird Google diese Informationen gegebenenfalls an Dritte \u00fcbertragen, \r\nsofern dies gesetzlich vorgeschrieben oder soweit Dritte diese Daten im Auftrag von Google verarbeiten. \r\nGoogle wird in keinem Fall Ihre IP-Adresse mit anderen Daten der Google in Verbindung bringen. \r\nSie k\u00f6nnen die Installation der Cookies durch eine entsprechende Einstellung Ihrer Browser Software \r\nverhindern; wir weisen Sie jedoch darauf hin, dass Sie in diesem Fall gegebenenfalls nicht s\u00e4mtliche \r\nFunktionen dieser Website voll umf\u00e4nglich nutzen k\u00f6nnen. Durch die Nutzung dieser Website erkl\u00e4ren \r\nSie sich mit der Bearbeitung der \u00fcber Sie erhobenen Daten durch Google in der zuvor beschriebenen Art \r\nund Weise und zu dem zuvor benannten Zweck einverstanden.\r\n\r\nSie k\u00f6nnen der Erhebung und Speicherung Ihrer Daten jederzeit <a href=\"http:\/\/tools.google.com\/dlpage\/gaoptout?hl=de\" target=\"blank\" rel=\"noopener\">widersprechen<\/a>.<\/p><strong><\/strong><p>\r\nDiese Website benutzt Google Analytics mit der Zusatzfunktion \u201eanonymizeIP()\u201c. Dies bedeutet, dass IP-Adressen nicht vollst\u00e4ndig, sondern nur gek\u00fcrzt gespeichert und verarbeitet werden, um einen direkten R\u00fcckschluss auf die Person auszuschlie\u00dfen.<\/p><i><a href=\"http:\/\/www.agb.de\" target=\"_blank\" rel=\"noopener\">Gratis Impressum<\/a> von agb.de<\/i>\t\t\t\t<\/div>\n\t\t\t\t\t<\/div>\n\t\t\t\t<\/div>\n\t\t\t\t<\/div>\n\t\t","protected":false},"excerpt":{"rendered":"<p>Impressum Anas Shehadeh Die Prinzen Breite Str. 11 66115 Saarbr\u00fccken E-Mail info@prinzensweets.de Tel +49 176 89501155 Fax Gewerberegister Saarbr\u00fccken Ust-IdNr:<\/p>\n","protected":false},"author":1,"featured_media":0,"parent":0,"menu_order":0,"comment_status":"closed","ping_status":"closed","template":"","meta":{"footnotes":""},"class_list":["post-12236","page","type-page","status-publish","hentry"],"_hostinger_reach_plugin_has_subscription_block":false,"_hostinger_reach_plugin_is_elementor":false,"jetpack_sharing_enabled":true,"_links":{"self":[{"href":"https:\/\/prinzensweets.de\/ar\/wp-json\/wp\/v2\/pages\/12236","targetHints":{"allow":["GET"]}}],"collection":[{"href":"https:\/\/prinzensweets.de\/ar\/wp-json\/wp\/v2\/pages"}],"about":[{"href":"https:\/\/prinzensweets.de\/ar\/wp-json\/wp\/v2\/types\/page"}],"author":[{"embeddable":true,"href":"https:\/\/prinzensweets.de\/ar\/wp-json\/wp\/v2\/users\/1"}],"replies":[{"embeddable":true,"href":"https:\/\/prinzensweets.de\/ar\/wp-json\/wp\/v2\/comments?post=12236"}],"version-history":[{"count":0,"href":"https:\/\/prinzensweets.de\/ar\/wp-json\/wp\/v2\/pages\/12236\/revisions"}],"wp:attachment":[{"href":"https:\/\/prinzensweets.de\/ar\/wp-json\/wp\/v2\/media?parent=12236"}],"curies":[{"name":"wp","href":"https:\/\/api.w.org\/{rel}","templated":true}]}}